{"id":988217,"date":"2025-10-16T13:43:34","date_gmt":"2025-10-16T12:43:34","guid":{"rendered":"https:\/\/elkhaililawfirm.com\/?page_id=988217"},"modified":"2025-10-20T13:19:13","modified_gmt":"2025-10-20T12:19:13","slug":"blog","status":"publish","type":"page","link":"https:\/\/elkhaililawfirm.com\/fr\/blog\/","title":{"rendered":"Blog"},"content":{"rendered":"<div data-elementor-type=\"wp-page\" data-elementor-id=\"988217\" class=\"elementor elementor-988217\">\n\t\t\t\t\t\t<section class=\"elementor-section elementor-top-section elementor-element elementor-element-a69320d elementor-section-height-min-height elementor-section-boxed elementor-section-height-default elementor-section-items-middle\" data-id=\"a69320d\" data-element_type=\"section\" data-e-type=\"section\" data-settings=\"{&quot;background_background&quot;:&quot;classic&quot;,&quot;animation&quot;:&quot;none&quot;}\">\n\t\t\t\t\t\t\t<div class=\"elementor-background-overlay\"><\/div>\n\t\t\t\t\t\t\t<div class=\"elementor-container elementor-column-gap-no\">\n\t\t\t\t\t<div class=\"elementor-column elementor-col-100 elementor-top-column elementor-element elementor-element-dd30b29\" data-id=\"dd30b29\" data-element_type=\"column\" data-e-type=\"column\">\n\t\t\t<div class=\"elementor-widget-wrap elementor-element-populated\">\n\t\t\t\t\t\t<div class=\"elementor-element elementor-element-b377119 elementor-widget elementor-widget-heading\" data-id=\"b377119\" data-element_type=\"widget\" data-e-type=\"widget\" data-settings=\"{&quot;_animation&quot;:&quot;none&quot;,&quot;_animation_tablet&quot;:&quot;none&quot;}\" data-widget_type=\"heading.default\">\n\t\t\t\t<div class=\"elementor-widget-container\">\n\t\t\t\t\t<h1 class=\"elementor-heading-title elementor-size-default\">Blog<\/h1>\t\t\t\t<\/div>\n\t\t\t\t<\/div>\n\t\t\t\t\t<\/div>\n\t\t<\/div>\n\t\t\t\t\t<\/div>\n\t\t<\/section>\n\t\t\t\t<section class=\"elementor-section elementor-top-section elementor-element elementor-element-41a0d079 elementor-section-boxed elementor-section-height-default elementor-section-height-default\" data-id=\"41a0d079\" data-element_type=\"section\" data-e-type=\"section\" data-settings=\"{&quot;background_background&quot;:&quot;classic&quot;}\">\n\t\t\t\t\t\t<div class=\"elementor-container elementor-column-gap-no\">\n\t\t\t\t\t<div class=\"elementor-column elementor-col-100 elementor-top-column elementor-element elementor-element-677ba3c0\" data-id=\"677ba3c0\" data-element_type=\"column\" data-e-type=\"column\">\n\t\t\t<div class=\"elementor-widget-wrap elementor-element-populated\">\n\t\t\t\t\t\t<div class=\"elementor-element elementor-element-11dafb82 elementor-widget elementor-widget-heading\" data-id=\"11dafb82\" data-element_type=\"widget\" data-e-type=\"widget\" data-widget_type=\"heading.default\">\n\t\t\t\t<div class=\"elementor-widget-container\">\n\t\t\t\t\t<h2 class=\"elementor-heading-title elementor-size-default\">Articles connexes<\/h2>\t\t\t\t<\/div>\n\t\t\t\t<\/div>\n\t\t\t\t<div class=\"vamtam-has-theme-widget-styles elementor-element elementor-element-3fbb0b78 elementor-grid-4 elementor-posts--thumbnail-none elementor-posts--align-left elementor-grid-tablet-2 elementor-grid-mobile-1 vamtam-has-title-underline-anim elementor-widget elementor-widget-posts\" data-id=\"3fbb0b78\" data-element_type=\"widget\" data-e-type=\"widget\" data-settings=\"{&quot;vamtam_classic_row_gap&quot;:{&quot;unit&quot;:&quot;px&quot;,&quot;size&quot;:30,&quot;sizes&quot;:[]},&quot;vamtam_classic_columns&quot;:&quot;4&quot;,&quot;vamtam_classic_columns_tablet&quot;:&quot;2&quot;,&quot;vamtam_classic_columns_mobile&quot;:&quot;1&quot;,&quot;vamtam_classic_row_gap_tablet&quot;:{&quot;unit&quot;:&quot;px&quot;,&quot;size&quot;:&quot;&quot;,&quot;sizes&quot;:[]},&quot;vamtam_classic_row_gap_mobile&quot;:{&quot;unit&quot;:&quot;px&quot;,&quot;size&quot;:&quot;&quot;,&quot;sizes&quot;:[]}}\" data-widget_type=\"posts.vamtam_classic\">\n\t\t\t\t<div class=\"elementor-widget-container\">\n\t\t\t\t\t\t\t<div class=\"elementor-posts-container elementor-posts elementor-posts--skin-vamtam_classic elementor-grid\">\n\t\t\t\t<article class=\"elementor-post elementor-grid-item post-988482 post type-post status-publish format-standard hentry category-sport\">\n\t\t\t\t\t<div class=\"elementor-post__meta-data\">\n\t\t\t\t\t\t\t<div class=\"vamtam-post__categories\">\n\t\t\t\t<a href=\"https:\/\/elkhaililawfirm.com\/fr\/category\/sport\/\" rel=\"category tag\">Sport<\/a>\t\t\t<\/div>\n\t\t\t\t\t\t<\/div>\n\t\t\t\t\t<div class=\"elementor-post__text\">\n\t\t\t\t<h3 class=\"elementor-post__title\">\n\t\t\t<a href=\"https:\/\/elkhaililawfirm.com\/fr\/%d8%ad%d9%83%d9%8a%d9%85-%d8%b2%d9%8a%d8%a7%d8%b4-%d9%88%d8%a7%d9%84%d9%88%d8%af%d8%a7%d8%af-%d8%a7%d9%84%d8%b1%d9%8a%d8%a7%d8%b6%d9%8a-%d8%a3%d9%8a%d9%86-%d9%8a%d9%82%d9%81-%d8%a7%d9%84%d9%86%d8%b5\/\">\n\t\t\t\t\u062d\u0643\u064a\u0645 \u0632\u064a\u0627\u0634 \u0648\u0627\u0644\u0648\u062f\u0627\u062f \u0627\u0644\u0631\u064a\u0627\u0636\u064a: \u0623\u064a\u0646 \u064a\u0642\u0641 \u0627\u0644\u0646\u0635 \u0627\u0644\u0642\u0627\u0646\u0648\u0646\u064a\u061f\t\t\t<\/a>\n\t\t<\/h3>\n\t\t\t\t<div class=\"elementor-post__excerpt\">\n\t\t\t\t\t<\/div>\n\t\t\t\t\t<div class=\"elementor-post__read-more-wrapper\">\n\t\t\n\t\t<a class=\"elementor-post__read-more\" href=\"https:\/\/elkhaililawfirm.com\/fr\/%d8%ad%d9%83%d9%8a%d9%85-%d8%b2%d9%8a%d8%a7%d8%b4-%d9%88%d8%a7%d9%84%d9%88%d8%af%d8%a7%d8%af-%d8%a7%d9%84%d8%b1%d9%8a%d8%a7%d8%b6%d9%8a-%d8%a3%d9%8a%d9%86-%d9%8a%d9%82%d9%81-%d8%a7%d9%84%d9%86%d8%b5\/\">\n\t\t\tLire\t\t<\/a>\n\n\t\t\t\t\t<\/div>\n\t\t\t\t<\/div>\n\t\t\t\t<\/article>\n\t\t\t\t<article class=\"elementor-post elementor-grid-item post-988469 post type-post status-publish format-standard hentry category-business\">\n\t\t\t\t\t<div class=\"elementor-post__meta-data\">\n\t\t\t\t\t\t\t<div class=\"vamtam-post__categories\">\n\t\t\t\t<a href=\"https:\/\/elkhaililawfirm.com\/fr\/category\/business\/\" rel=\"category tag\">Affaire<\/a>\t\t\t<\/div>\n\t\t\t\t\t\t<\/div>\n\t\t\t\t\t<div class=\"elementor-post__text\">\n\t\t\t\t<h3 class=\"elementor-post__title\">\n\t\t\t<a href=\"https:\/\/elkhaililawfirm.com\/fr\/adnane-el-khaili-leading-the-charge-to-revolutionize-legal-services-in-morocco\/\">\n\t\t\t\tAdnane El Khaili : \u00e0 la t\u00eate de la r\u00e9volution des services juridiques au Maroc\t\t\t<\/a>\n\t\t<\/h3>\n\t\t\t\t<div class=\"elementor-post__excerpt\">\n\t\t\t\t\t<\/div>\n\t\t\t\t\t<div class=\"elementor-post__read-more-wrapper\">\n\t\t\n\t\t<a class=\"elementor-post__read-more\" href=\"https:\/\/elkhaililawfirm.com\/fr\/adnane-el-khaili-leading-the-charge-to-revolutionize-legal-services-in-morocco\/\">\n\t\t\tLire\t\t<\/a>\n\n\t\t\t\t\t<\/div>\n\t\t\t\t<\/div>\n\t\t\t\t<\/article>\n\t\t\t\t<\/div>\n\n\n\t\t\n\t\t\t\t\t\t<\/div>\n\t\t\t\t<\/div>\n\t\t\t\t\t<\/div>\n\t\t<\/div>\n\t\t\t\t\t<\/div>\n\t\t<\/section>\n\t\t\t\t<\/div>","protected":false},"excerpt":{"rendered":"<p>Articles connexes<\/p>","protected":false},"author":1,"featured_media":0,"parent":0,"menu_order":0,"comment_status":"closed","ping_status":"closed","template":"","meta":{"footnotes":""},"class_list":["post-988217","page","type-page","status-publish","hentry"],"_hostinger_reach_plugin_has_subscription_block":false,"_hostinger_reach_plugin_is_elementor":false,"_links":{"self":[{"href":"https:\/\/elkhaililawfirm.com\/fr\/wp-json\/wp\/v2\/pages\/988217","targetHints":{"allow":["GET"]}}],"collection":[{"href":"https:\/\/elkhaililawfirm.com\/fr\/wp-json\/wp\/v2\/pages"}],"about":[{"href":"https:\/\/elkhaililawfirm.com\/fr\/wp-json\/wp\/v2\/types\/page"}],"author":[{"embeddable":true,"href":"https:\/\/elkhaililawfirm.com\/fr\/wp-json\/wp\/v2\/users\/1"}],"replies":[{"embeddable":true,"href":"https:\/\/elkhaililawfirm.com\/fr\/wp-json\/wp\/v2\/comments?post=988217"}],"version-history":[{"count":14,"href":"https:\/\/elkhaililawfirm.com\/fr\/wp-json\/wp\/v2\/pages\/988217\/revisions"}],"predecessor-version":[{"id":988468,"href":"https:\/\/elkhaililawfirm.com\/fr\/wp-json\/wp\/v2\/pages\/988217\/revisions\/988468"}],"wp:attachment":[{"href":"https:\/\/elkhaililawfirm.com\/fr\/wp-json\/wp\/v2\/media?parent=988217"}],"curies":[{"name":"wp","href":"https:\/\/api.w.org\/{rel}","templated":true}]}}