{"id":586,"date":"2022-09-26T21:44:28","date_gmt":"2022-09-26T21:44:28","guid":{"rendered":"https:\/\/avvocato.vamtam.com\/?page_id=586"},"modified":"2025-10-17T23:13:38","modified_gmt":"2025-10-17T22:13:38","slug":"about","status":"publish","type":"page","link":"https:\/\/elkhaililawfirm.com\/fr\/about\/","title":{"rendered":"\u00c0 propos"},"content":{"rendered":"<div data-elementor-type=\"wp-page\" data-elementor-id=\"586\" class=\"elementor elementor-586\">\n\t\t\t\t\t\t<section class=\"elementor-section elementor-top-section elementor-element elementor-element-f929618 elementor-section-height-min-height elementor-section-boxed elementor-section-height-default elementor-section-items-middle\" data-id=\"f929618\" data-element_type=\"section\" data-e-type=\"section\" data-settings=\"{&quot;background_background&quot;:&quot;classic&quot;,&quot;animation&quot;:&quot;none&quot;}\">\n\t\t\t\t\t\t\t<div class=\"elementor-background-overlay\"><\/div>\n\t\t\t\t\t\t\t<div class=\"elementor-container elementor-column-gap-no\">\n\t\t\t\t\t<div class=\"elementor-column elementor-col-100 elementor-top-column elementor-element elementor-element-da2176e\" data-id=\"da2176e\" data-element_type=\"column\" data-e-type=\"column\">\n\t\t\t<div class=\"elementor-widget-wrap elementor-element-populated\">\n\t\t\t\t\t\t<div class=\"elementor-element elementor-element-b3f061b elementor-widget elementor-widget-heading\" data-id=\"b3f061b\" data-element_type=\"widget\" data-e-type=\"widget\" data-settings=\"{&quot;_animation&quot;:&quot;none&quot;,&quot;_animation_tablet&quot;:&quot;none&quot;}\" data-widget_type=\"heading.default\">\n\t\t\t\t<div class=\"elementor-widget-container\">\n\t\t\t\t\t<h1 class=\"elementor-heading-title elementor-size-default\">\u00c0 propos<\/h1>\t\t\t\t<\/div>\n\t\t\t\t<\/div>\n\t\t\t\t\t<\/div>\n\t\t<\/div>\n\t\t\t\t\t<\/div>\n\t\t<\/section>\n\t\t\t\t<section class=\"elementor-section elementor-top-section elementor-element elementor-element-c2db08a elementor-section-boxed elementor-section-height-default elementor-section-height-default\" data-id=\"c2db08a\" data-element_type=\"section\" data-e-type=\"section\" data-settings=\"{&quot;background_background&quot;:&quot;classic&quot;}\">\n\t\t\t\t\t\t<div class=\"elementor-container elementor-column-gap-no\">\n\t\t\t\t\t<div class=\"elementor-column elementor-col-50 elementor-top-column elementor-element elementor-element-31cdc6f elementor-hidden-tablet elementor-hidden-mobile\" data-id=\"31cdc6f\" data-element_type=\"column\" data-e-type=\"column\" data-settings=\"{&quot;background_background&quot;:&quot;classic&quot;}\">\n\t\t\t<div class=\"elementor-widget-wrap\">\n\t\t\t\t\t\t\t<\/div>\n\t\t<\/div>\n\t\t\t\t<div class=\"elementor-column elementor-col-50 elementor-top-column elementor-element elementor-element-2315ac6\" data-id=\"2315ac6\" data-element_type=\"column\" data-e-type=\"column\">\n\t\t\t<div class=\"elementor-widget-wrap elementor-element-populated\">\n\t\t\t\t\t\t<div class=\"elementor-element elementor-element-223e4ed elementor-invisible elementor-widget elementor-widget-heading\" data-id=\"223e4ed\" data-element_type=\"widget\" data-e-type=\"widget\" data-settings=\"{&quot;_animation&quot;:&quot;fadeInUp&quot;,&quot;_animation_tablet&quot;:&quot;none&quot;,&quot;_animation_delay&quot;:200}\" data-widget_type=\"heading.default\">\n\t\t\t\t<div class=\"elementor-widget-container\">\n\t\t\t\t\t<h2 class=\"elementor-heading-title elementor-size-default\">ELKHAILI LAW FIRM<br>\n\u00c0 propos de Ma\u00eetre ADNANE EL KHAILI<\/h2>\t\t\t\t<\/div>\n\t\t\t\t<\/div>\n\t\t\t\t<div class=\"elementor-element elementor-element-224aa55 elementor-invisible elementor-widget elementor-widget-text-editor\" data-id=\"224aa55\" data-element_type=\"widget\" data-e-type=\"widget\" data-settings=\"{&quot;_animation&quot;:&quot;fadeIn&quot;,&quot;_animation_tablet&quot;:&quot;none&quot;,&quot;_animation_delay&quot;:501}\" data-widget_type=\"text-editor.default\">\n\t\t\t\t<div class=\"elementor-widget-container\">\n\t\t\t\t\t\t\t\t\t<p>Pouss\u00e9 par un engagement ferme envers l\u2019excellence juridique et l\u2019innovation, l\u2019avocat Adnan Al Khaili a b\u00e2ti une brillante carri\u00e8re en tant qu\u2019avocat et chercheur juridique.<br \/>Il a d\u00e9but\u00e9 sa pratique en 2016 et a acquis une vaste exp\u00e9rience au Maroc, au Qatar et \u00e0 Duba\u00ef (EAU), faisant de lui une figure de proue dans les domaines du droit commercial, de l'arbitrage et des litiges sportifs.<\/p><p>En tant que fondateur et PDG du cabinet, M. Adnan dirige le cabinet avec une vision claire pour l'\u00e9tablir comme une r\u00e9f\u00e9rence nationale et internationale dans les domaines de la conformit\u00e9 juridique et de la r\u00e9solution des litiges.<\/p><p>Son approche combine l\u2019expertise juridique avec la r\u00e9flexion commerciale strat\u00e9gique, garantissant que nous fournissons des solutions adapt\u00e9es aux complexit\u00e9s du commerce moderne.<\/p><p>Actuellement, l\u2019avocat Adnan Al Khaili poursuit un doctorat en droit et d\u00e9tient plusieurs certifications internationales en arbitrage et en droit commercial, refl\u00e9tant son engagement envers la croissance professionnelle et la formation continue.<\/p><p>Sous sa direction, l\u2019entreprise est devenue synonyme d\u2019int\u00e9grit\u00e9, de pr\u00e9cision et d\u2019innovation, valeurs qui refl\u00e8tent sa philosophie personnelle et professionnelle.<\/p><p>Par son engagement envers l\u2019excellence, la pratique \u00e9thique et la collaboration mondiale, Adnan Al Khaili incarne une nouvelle g\u00e9n\u00e9ration de leaders juridiques qui fa\u00e7onnent l\u2019avenir de la profession.<\/p>\t\t\t\t\t\t\t\t<\/div>\n\t\t\t\t<\/div>\n\t\t\t\t<div class=\"vamtam-has-theme-widget-styles elementor-element elementor-element-78c9fc2 vamtam-has-underline-anim elementor-widget elementor-widget-button\" data-id=\"78c9fc2\" data-element_type=\"widget\" data-e-type=\"widget\" data-widget_type=\"button.default\">\n\t\t\t\t<div class=\"elementor-widget-container\">\n\t\t\t\t\t\t\t\t\t<div class=\"elementor-button-wrapper\">\n\t\t\t\t\t<a class=\"elementor-button elementor-button-link elementor-size-md\" href=\"\/fr\/https:\/\/elkhaililawfirm.com\/get-your-consultation\/\">\n\t\t\t\t\t\t<span class=\"elementor-button-content-wrapper\">\n\t\t\t\t\t\t<span class=\"elementor-button-icon\">\n\t\t\t\t<i aria-hidden=\"true\" class=\"vamtamtheme- vamtam-theme-icon-arrow-right-top\"><\/i>\t\t\t<\/span>\n\t\t\t\t\t\t\t\t\t<span class=\"elementor-button-text\">R\u00e9servez votre consultation<\/span>\n\t\t\t\t\t<\/span>\n\t\t\t\t\t<\/a>\n\t\t\t\t<\/div>\n\t\t\t\t\t\t\t\t<\/div>\n\t\t\t\t<\/div>\n\t\t\t\t\t<\/div>\n\t\t<\/div>\n\t\t\t\t\t<\/div>\n\t\t<\/section>\n\t\t\t\t<section class=\"elementor-section elementor-top-section elementor-element elementor-element-b3dcb25 elementor-section-stretched elementor-section-boxed elementor-section-height-default elementor-section-height-default\" data-id=\"b3dcb25\" data-element_type=\"section\" data-e-type=\"section\" data-settings=\"{&quot;stretch_section&quot;:&quot;section-stretched&quot;}\">\n\t\t\t\t\t\t<div class=\"elementor-container elementor-column-gap-no\">\n\t\t\t\t\t<div class=\"elementor-column elementor-col-50 elementor-top-column elementor-element elementor-element-ff86454\" data-id=\"ff86454\" data-element_type=\"column\" data-e-type=\"column\">\n\t\t\t<div class=\"elementor-widget-wrap elementor-element-populated\">\n\t\t\t\t\t\t<section class=\"elementor-section elementor-inner-section elementor-element elementor-element-7765c90 elementor-section-full_width elementor-section-height-default elementor-section-height-default\" data-id=\"7765c90\" data-element_type=\"section\" data-e-type=\"section\" data-settings=\"{&quot;sticky&quot;:&quot;top&quot;,&quot;sticky_on&quot;:[&quot;desktop&quot;,&quot;tablet&quot;],&quot;sticky_parent&quot;:&quot;yes&quot;,&quot;sticky_offset_tablet&quot;:80,&quot;sticky_offset&quot;:0,&quot;sticky_effects_offset&quot;:0}\">\n\t\t\t\t\t\t<div class=\"elementor-container elementor-column-gap-no\">\n\t\t\t\t\t<div class=\"elementor-column elementor-col-100 elementor-inner-column elementor-element elementor-element-1c75723\" data-id=\"1c75723\" data-element_type=\"column\" data-e-type=\"column\">\n\t\t\t<div class=\"elementor-widget-wrap elementor-element-populated\">\n\t\t\t\t\t\t<div class=\"elementor-element elementor-element-1eb8d64 elementor-invisible elementor-widget elementor-widget-heading\" data-id=\"1eb8d64\" data-element_type=\"widget\" data-e-type=\"widget\" data-settings=\"{&quot;_animation&quot;:&quot;fadeInDown&quot;,&quot;_animation_tablet&quot;:&quot;none&quot;}\" data-widget_type=\"heading.default\">\n\t\t\t\t<div class=\"elementor-widget-container\">\n\t\t\t\t\t<h2 class=\"elementor-heading-title elementor-size-default\">Nos valeurs<\/h2>\t\t\t\t<\/div>\n\t\t\t\t<\/div>\n\t\t\t\t<div class=\"vamtam-has-theme-widget-styles elementor-element elementor-element-9713d62 elementor-widget elementor-widget-image\" data-id=\"9713d62\" data-element_type=\"widget\" data-e-type=\"widget\" data-settings=\"{&quot;_animation&quot;:&quot;none&quot;,&quot;_animation_tablet&quot;:&quot;none&quot;}\" data-widget_type=\"image.default\">\n\t\t\t\t<div class=\"elementor-widget-container\">\n\t\t\t\t\t\t\t\t\t<div class=\"elementor-image\">\n\t\t\t\t\t\t\t\t\t\t\t\t\t\t\t\t\t\t\t\t\t<img fetchpriority=\"high\" decoding=\"async\" width=\"1032\" height=\"1280\" src=\"https:\/\/elkhaililawfirm.com\/wp-content\/uploads\/2025\/10\/Video-Elkhaili-3.png\" class=\"attachment-full size-full wp-image-987838\" alt=\"\" srcset=\"https:\/\/elkhaililawfirm.com\/wp-content\/uploads\/2025\/10\/Video-Elkhaili-3.png 1032w, https:\/\/elkhaililawfirm.com\/wp-content\/uploads\/2025\/10\/Video-Elkhaili-3-768x953.png 768w\" sizes=\"(max-width: 1032px) 100vw, 1032px\" \/>\t\t\t\t\t\t\t\t\t\t\t\t\t\t\t\t\t\t\t\t\t\t\t\t<\/div>\n\t\t\t\t\t\t\t\t<\/div>\n\t\t\t\t<\/div>\n\t\t\t\t<div class=\"vamtam-has-theme-widget-styles elementor-element elementor-element-20bffc2 elementor-invisible elementor-widget elementor-widget-image\" data-id=\"20bffc2\" data-element_type=\"widget\" data-e-type=\"widget\" data-settings=\"{&quot;_animation&quot;:&quot;imageGrowWithScaleLeft&quot;,&quot;_animation_tablet&quot;:&quot;none&quot;,&quot;_animation_delay&quot;:100}\" data-widget_type=\"image.default\">\n\t\t\t\t<div class=\"elementor-widget-container\">\n\t\t\t\t\t\t\t\t\t<div class=\"elementor-image\">\n\t\t\t\t\t\t\t\t\t\t\t<div class=\"vamtam-image-wrapper\">\n\t\t\t\t\t\t\t\t\t\t\t\t\t\t\t\t\t\t\t\t\t<img decoding=\"async\" width=\"654\" height=\"842\" src=\"https:\/\/elkhaililawfirm.com\/wp-content\/uploads\/2025\/10\/Video-Elkhaili-5.png\" class=\"attachment-full size-full wp-image-987839\" alt=\"\" \/>\t\t\t\t\t\t\t\t\t\t\t\t\t\t\t\t\t\t\t\t\t\t\t\t\t\t<\/div>\n\t\t\t\t\t\t\t\t\t<\/div>\n\t\t\t\t\t\t\t\t<\/div>\n\t\t\t\t<\/div>\n\t\t\t\t\t<\/div>\n\t\t<\/div>\n\t\t\t\t\t<\/div>\n\t\t<\/section>\n\t\t\t\t\t<\/div>\n\t\t<\/div>\n\t\t\t\t<div class=\"elementor-column elementor-col-50 elementor-top-column elementor-element elementor-element-b31cd4e\" data-id=\"b31cd4e\" data-element_type=\"column\" data-e-type=\"column\">\n\t\t\t<div class=\"elementor-widget-wrap elementor-element-populated\">\n\t\t\t\t\t\t<div class=\"elementor-element elementor-element-bb344a0 elementor-widget elementor-widget-spacer\" data-id=\"bb344a0\" data-element_type=\"widget\" data-e-type=\"widget\" data-widget_type=\"spacer.default\">\n\t\t\t\t<div class=\"elementor-widget-container\">\n\t\t\t\t\t\t\t<div class=\"elementor-spacer\">\n\t\t\t<div class=\"elementor-spacer-inner\"><\/div>\n\t\t<\/div>\n\t\t\t\t\t\t<\/div>\n\t\t\t\t<\/div>\n\t\t\t\t<div class=\"elementor-element elementor-element-576cfdf elementor-widget elementor-widget-heading\" data-id=\"576cfdf\" data-element_type=\"widget\" data-e-type=\"widget\" data-widget_type=\"heading.default\">\n\t\t\t\t<div class=\"elementor-widget-container\">\n\t\t\t\t\t<div class=\"elementor-heading-title elementor-size-default\">1.<\/div>\t\t\t\t<\/div>\n\t\t\t\t<\/div>\n\t\t\t\t<div class=\"elementor-element elementor-element-f7f2839 elementor-widget elementor-widget-heading\" data-id=\"f7f2839\" data-element_type=\"widget\" data-e-type=\"widget\" data-widget_type=\"heading.default\">\n\t\t\t\t<div class=\"elementor-widget-container\">\n\t\t\t\t\t<h3 class=\"elementor-heading-title elementor-size-default\">Une nouvelle perspective sur le terrain\n<\/h3>\t\t\t\t<\/div>\n\t\t\t\t<\/div>\n\t\t\t\t<div class=\"elementor-element elementor-element-a31b415 elementor-widget elementor-widget-text-editor\" data-id=\"a31b415\" data-element_type=\"widget\" data-e-type=\"widget\" data-widget_type=\"text-editor.default\">\n\t\t\t\t<div class=\"elementor-widget-container\">\n\t\t\t\t\t\t\t\t\t<p>Plut\u00f4t que d'exercer le droit en se faisant passer pour quelqu'un d'autre, Ma\u00eetre Elkhaili a choisi d'\u00eatre un avocat proche, r\u00e9actif, humain et strat\u00e9gique. Son approche repose sur trois piliers\u00a0:<\/p><p>Proximit\u00e9 : une \u00e9coute attentive et active en toute circonstance<br \/>Efficacit\u00e9 : r\u00e9ponses sp\u00e9cifiques ax\u00e9es sur les r\u00e9sultats<br \/>Innovation : l'int\u00e9gration de nouvelles probl\u00e9matiques juridiques<\/p>\t\t\t\t\t\t\t\t<\/div>\n\t\t\t\t<\/div>\n\t\t\t\t<div class=\"elementor-element elementor-element-0a2bd7e elementor-widget elementor-widget-spacer\" data-id=\"0a2bd7e\" data-element_type=\"widget\" data-e-type=\"widget\" data-widget_type=\"spacer.default\">\n\t\t\t\t<div class=\"elementor-widget-container\">\n\t\t\t\t\t\t\t<div class=\"elementor-spacer\">\n\t\t\t<div class=\"elementor-spacer-inner\"><\/div>\n\t\t<\/div>\n\t\t\t\t\t\t<\/div>\n\t\t\t\t<\/div>\n\t\t\t\t<div class=\"elementor-element elementor-element-260c1a5 elementor-widget elementor-widget-heading\" data-id=\"260c1a5\" data-element_type=\"widget\" data-e-type=\"widget\" data-widget_type=\"heading.default\">\n\t\t\t\t<div class=\"elementor-widget-container\">\n\t\t\t\t\t<div class=\"elementor-heading-title elementor-size-default\">2.<\/div>\t\t\t\t<\/div>\n\t\t\t\t<\/div>\n\t\t\t\t<div class=\"elementor-element elementor-element-164946b elementor-widget elementor-widget-heading\" data-id=\"164946b\" data-element_type=\"widget\" data-e-type=\"widget\" data-widget_type=\"heading.default\">\n\t\t\t\t<div class=\"elementor-widget-container\">\n\t\t\t\t\t<h3 class=\"elementor-heading-title elementor-size-default\">Mission du Cabinet\n<\/h3>\t\t\t\t<\/div>\n\t\t\t\t<\/div>\n\t\t\t\t<div class=\"elementor-element elementor-element-429c3af elementor-widget elementor-widget-text-editor\" data-id=\"429c3af\" data-element_type=\"widget\" data-e-type=\"widget\" data-widget_type=\"text-editor.default\">\n\t\t\t\t<div class=\"elementor-widget-container\">\n\t\t\t\t\t\t\t\t\t<p>fournir des conseils et repr\u00e9senter les clients devant tous les tribunaux marocains<br \/>Offrir des r\u00e9ponses juridiques pratiques et adapt\u00e9es<\/p><p>Repr\u00e9senter les int\u00e9r\u00eats des clients avec vigueur et pr\u00e9cision<br \/>Intervenir sur des probl\u00e9matiques traditionnelles ou \u00e9mergentes avec la m\u00eame implication<\/p>\t\t\t\t\t\t\t\t<\/div>\n\t\t\t\t<\/div>\n\t\t\t\t<div class=\"elementor-element elementor-element-279fcfc elementor-widget elementor-widget-spacer\" data-id=\"279fcfc\" data-element_type=\"widget\" data-e-type=\"widget\" data-widget_type=\"spacer.default\">\n\t\t\t\t<div class=\"elementor-widget-container\">\n\t\t\t\t\t\t\t<div class=\"elementor-spacer\">\n\t\t\t<div class=\"elementor-spacer-inner\"><\/div>\n\t\t<\/div>\n\t\t\t\t\t\t<\/div>\n\t\t\t\t<\/div>\n\t\t\t\t<div class=\"elementor-element elementor-element-6fa571b elementor-widget elementor-widget-heading\" data-id=\"6fa571b\" data-element_type=\"widget\" data-e-type=\"widget\" data-widget_type=\"heading.default\">\n\t\t\t\t<div class=\"elementor-widget-container\">\n\t\t\t\t\t<div class=\"elementor-heading-title elementor-size-default\">3.<\/div>\t\t\t\t<\/div>\n\t\t\t\t<\/div>\n\t\t\t\t<div class=\"elementor-element elementor-element-873f376 elementor-widget elementor-widget-heading\" data-id=\"873f376\" data-element_type=\"widget\" data-e-type=\"widget\" data-widget_type=\"heading.default\">\n\t\t\t\t<div class=\"elementor-widget-container\">\n\t\t\t\t\t<h3 class=\"elementor-heading-title elementor-size-default\">Un avocat engag\u00e9, passionn\u00e9 et proche de ses clients<\/h3>\t\t\t\t<\/div>\n\t\t\t\t<\/div>\n\t\t\t\t<div class=\"elementor-element elementor-element-30abcd9 elementor-widget elementor-widget-text-editor\" data-id=\"30abcd9\" data-element_type=\"widget\" data-e-type=\"widget\" data-widget_type=\"text-editor.default\">\n\t\t\t\t<div class=\"elementor-widget-container\">\n\t\t\t\t\t\t\t\t\t<div class=\"elementor-element elementor-element-31444627 elementor-widget elementor-widget-heading\" data-id=\"31444627\" data-element_type=\"widget\" data-widget_type=\"heading.default\"><div class=\"elementor-widget-container\"><p>D\u00e8s son plus jeune \u00e2ge, Ma\u00eetre Adnane El Khaili aspirait \u00e0 devenir avocat. Fort de ses vastes connaissances, il a transform\u00e9 cette profession en un cabinet moderne et rigoureux bas\u00e9 \u00e0 Titouan, au service des particuliers, des entreprises et des institutions.<\/p><\/div><\/div>\t\t\t\t\t\t\t\t<\/div>\n\t\t\t\t<\/div>\n\t\t\t\t<div class=\"elementor-element elementor-element-891d57a elementor-widget elementor-widget-spacer\" data-id=\"891d57a\" data-element_type=\"widget\" data-e-type=\"widget\" data-widget_type=\"spacer.default\">\n\t\t\t\t<div class=\"elementor-widget-container\">\n\t\t\t\t\t\t\t<div class=\"elementor-spacer\">\n\t\t\t<div class=\"elementor-spacer-inner\"><\/div>\n\t\t<\/div>\n\t\t\t\t\t\t<\/div>\n\t\t\t\t<\/div>\n\t\t\t\t\t<\/div>\n\t\t<\/div>\n\t\t\t\t\t<\/div>\n\t\t<\/section>\n\t\t\t\t<\/div>","protected":false},"excerpt":{"rendered":"<p>Our standard of excellence is fueled by the desire to protect you.<\/p>","protected":false},"author":1,"featured_media":0,"parent":0,"menu_order":0,"comment_status":"closed","ping_status":"closed","template":"","meta":{"footnotes":""},"class_list":["post-586","page","type-page","status-publish","hentry"],"_hostinger_reach_plugin_has_subscription_block":false,"_hostinger_reach_plugin_is_elementor":false,"_links":{"self":[{"href":"https:\/\/elkhaililawfirm.com\/fr\/wp-json\/wp\/v2\/pages\/586","targetHints":{"allow":["GET"]}}],"collection":[{"href":"https:\/\/elkhaililawfirm.com\/fr\/wp-json\/wp\/v2\/pages"}],"about":[{"href":"https:\/\/elkhaililawfirm.com\/fr\/wp-json\/wp\/v2\/types\/page"}],"author":[{"embeddable":true,"href":"https:\/\/elkhaililawfirm.com\/fr\/wp-json\/wp\/v2\/users\/1"}],"replies":[{"embeddable":true,"href":"https:\/\/elkhaililawfirm.com\/fr\/wp-json\/wp\/v2\/comments?post=586"}],"version-history":[{"count":85,"href":"https:\/\/elkhaililawfirm.com\/fr\/wp-json\/wp\/v2\/pages\/586\/revisions"}],"predecessor-version":[{"id":988462,"href":"https:\/\/elkhaililawfirm.com\/fr\/wp-json\/wp\/v2\/pages\/586\/revisions\/988462"}],"wp:attachment":[{"href":"https:\/\/elkhaililawfirm.com\/fr\/wp-json\/wp\/v2\/media?parent=586"}],"curies":[{"name":"wp","href":"https:\/\/api.w.org\/{rel}","templated":true}]}}